{"id":715,"date":"2020-05-19T14:23:45","date_gmt":"2020-05-19T12:23:45","guid":{"rendered":"https:\/\/coral-dive-center.com\/wordpress\/?post_type=product&#038;p=715"},"modified":"2020-05-20T23:06:08","modified_gmt":"2020-05-20T21:06:08","slug":"cressi-bcd-patrol","status":"publish","type":"product","link":"https:\/\/coral-dive-center.com\/wordpress\/produkt\/cressi-bcd-patrol\/","title":{"rendered":"Cressi BCD Patrol"},"content":{"rendered":"<div class=\"_1FTz3 cell\">\n<div dir=\"ltr\">\n<section class=\"_2RbVQ\" data-hook=\"description-wrapper\">\n<div class=\"_3nbVj\">\n<div class=\"_3cRjW\" data-hook=\"content-wrapper\">\n<p><strong>Cressi Patrol<\/strong> &#8211; leichtes Reisejacket, bleiintegriert in Wing Bauweise<\/p>\n<div>\n<div><strong>Endlich ein leichtes und dennoch vollwertig ausgestattetes Reisejacket. Das Cressi Patrol.<\/strong><\/div>\n<div><\/div>\n<div>Wir kennen alle die normalen &#8220;Urlaubsjackets&#8221;. Wenig Gewicht, einfaches Material und keine oder sehr kleine Taschen. Cressi bietet nun ein<strong> vollwertiges Jacket in bester Ausstattung<\/strong> und Qualit\u00e4t an. Drei Schnellabl\u00e4sse geh\u00f6ren ebenso zur Grundausstattung wie das integrierte Gewichtssystem. Auch die Bleieinschubtaschen und der Inflatorschlauch geh\u00f6ren selbstverst\u00e4ndlich ab Werk zum Lieferumfang dazu. Das verwendete Material &#8211; 420 Denier Nylon &#8211; sehr leicht und dennoch robust. Damit ist das Patrol von Cressi ein echtes Novum.<\/div>\n<div><\/div>\n<ul>\n<li>Material: 420 Denier Nylon &#8211; leicht und robust<\/li>\n<li><strong>Eine gro\u00dfe Mehrzwecktasche auf der rechten Seite &#8211; einrollbar <\/strong><\/li>\n<li>Gepolsterte R\u00fcckentrage<\/li>\n<li>3 Ablassventile &#8211; davon ein Schnellablass im Faltenschlauch<\/li>\n<li>Verstellbarer Brustgurt &#8211; f\u00fcr eine K\u00f6rpernahe und bequeme Passform<\/li>\n<li><strong>Sehr kleines Packma\u00df &#8211; schont Ihr Urlaubsgep\u00e4ck <\/strong><\/li>\n<li>Bleiintegriert &#8211; Einschubtaschen im Lieferumfang enthalten<\/li>\n<li>Gewicht: nur 2.7500 g in der Gr\u00f6\u00dfe M<\/li>\n<li><strong>Gr\u00f6\u00dfen und Auftrieb: XS (13 Liter), S (13 Liter), M (19 Liter), L (22,5 Liter), XL (22,5 Liter) <\/strong><\/li>\n<li>Inkl. Inflator und Schlauch<\/li>\n<\/ul>\n<div><\/div>\n<div><\/div>\n<div><strong>Lieferumfang:<\/strong><\/div>\n<div><\/div>\n<ul>\n<li>Cressi Jacket Patrol<\/li>\n<li>Inflatorschlauch<\/li>\n<li>2x Bleieinschubtasche<\/li>\n<\/ul>\n<\/div>\n<\/div>\n<\/div>\n<\/section>\n<\/div>\n<\/div>\n","protected":false},"excerpt":{"rendered":"<p>Cressi BCD Patrol<\/p>\n","protected":false},"featured_media":782,"comment_status":"open","ping_status":"closed","template":"","meta":{"jetpack_post_was_ever_published":false,"jetpack_publicize_message":"","jetpack_publicize_feature_enabled":true,"jetpack_social_post_already_shared":false,"jetpack_social_options":{"image_generator_settings":{"template":"highway","default_image_id":0,"font":"","enabled":false},"version":2}},"product_brand":[],"product_cat":[29],"product_tag":[43,66,65],"class_list":{"0":"post-715","1":"product","2":"type-product","3":"status-publish","4":"has-post-thumbnail","6":"product_cat-tarier-jackets","7":"product_tag-cressi","8":"product_tag-jacket","9":"product_tag-patrol","10":"post-holder","12":"first","13":"instock","14":"sale","15":"taxable","16":"shipping-taxable","17":"purchasable","18":"product-type-simple"},"yoast_head":"<!-- This site is optimized with the Yoast SEO plugin v27.3 - https:\/\/yoast.com\/product\/yoast-seo-wordpress\/ -->\n<title>Cressi BCD Patrol - coral-dive-center<\/title>\n<meta name=\"robots\" content=\"index, follow, max-snippet:-1, max-image-preview:large, max-video-preview:-1\" \/>\n<link rel=\"canonical\" href=\"https:\/\/coral-dive-center.com\/wordpress\/produkt\/cressi-bcd-patrol\/\" \/>\n<meta property=\"og:locale\" content=\"de_DE\" \/>\n<meta property=\"og:type\" content=\"article\" \/>\n<meta property=\"og:title\" content=\"Cressi BCD Patrol - coral-dive-center\" \/>\n<meta property=\"og:description\" content=\"Cressi BCD Patrol\" \/>\n<meta property=\"og:url\" content=\"https:\/\/coral-dive-center.com\/wordpress\/produkt\/cressi-bcd-patrol\/\" \/>\n<meta property=\"og:site_name\" content=\"coral-dive-center\" \/>\n<meta property=\"article:modified_time\" content=\"2020-05-20T21:06:08+00:00\" \/>\n<meta property=\"og:image\" content=\"https:\/\/i0.wp.com\/coral-dive-center.com\/wordpress\/wp-content\/uploads\/2020\/05\/1181_ic741600_patrol_web_02_nk44_z.jpg?fit=1100%2C1249&ssl=1\" \/>\n\t<meta property=\"og:image:width\" content=\"1100\" \/>\n\t<meta property=\"og:image:height\" content=\"1249\" \/>\n\t<meta property=\"og:image:type\" content=\"image\/jpeg\" \/>\n<meta name=\"twitter:card\" content=\"summary_large_image\" \/>\n<meta name=\"twitter:label1\" content=\"Gesch\u00e4tzte Lesezeit\" \/>\n\t<meta name=\"twitter:data1\" content=\"1\u00a0Minute\" \/>\n<script type=\"application\/ld+json\" class=\"yoast-schema-graph\">{\"@context\":\"https:\\\/\\\/schema.org\",\"@graph\":[{\"@type\":\"WebPage\",\"@id\":\"https:\\\/\\\/coral-dive-center.com\\\/wordpress\\\/produkt\\\/cressi-bcd-patrol\\\/\",\"url\":\"https:\\\/\\\/coral-dive-center.com\\\/wordpress\\\/produkt\\\/cressi-bcd-patrol\\\/\",\"name\":\"Cressi BCD Patrol - coral-dive-center\",\"isPartOf\":{\"@id\":\"https:\\\/\\\/coral-dive-center.com\\\/wordpress\\\/#website\"},\"primaryImageOfPage\":{\"@id\":\"https:\\\/\\\/coral-dive-center.com\\\/wordpress\\\/produkt\\\/cressi-bcd-patrol\\\/#primaryimage\"},\"image\":{\"@id\":\"https:\\\/\\\/coral-dive-center.com\\\/wordpress\\\/produkt\\\/cressi-bcd-patrol\\\/#primaryimage\"},\"thumbnailUrl\":\"https:\\\/\\\/i0.wp.com\\\/coral-dive-center.com\\\/wordpress\\\/wp-content\\\/uploads\\\/2020\\\/05\\\/1181_ic741600_patrol_web_02_nk44_z.jpg?fit=1100%2C1249&ssl=1\",\"datePublished\":\"2020-05-19T12:23:45+00:00\",\"dateModified\":\"2020-05-20T21:06:08+00:00\",\"breadcrumb\":{\"@id\":\"https:\\\/\\\/coral-dive-center.com\\\/wordpress\\\/produkt\\\/cressi-bcd-patrol\\\/#breadcrumb\"},\"inLanguage\":\"de\",\"potentialAction\":[{\"@type\":\"ReadAction\",\"target\":[\"https:\\\/\\\/coral-dive-center.com\\\/wordpress\\\/produkt\\\/cressi-bcd-patrol\\\/\"]}]},{\"@type\":\"ImageObject\",\"inLanguage\":\"de\",\"@id\":\"https:\\\/\\\/coral-dive-center.com\\\/wordpress\\\/produkt\\\/cressi-bcd-patrol\\\/#primaryimage\",\"url\":\"https:\\\/\\\/i0.wp.com\\\/coral-dive-center.com\\\/wordpress\\\/wp-content\\\/uploads\\\/2020\\\/05\\\/1181_ic741600_patrol_web_02_nk44_z.jpg?fit=1100%2C1249&ssl=1\",\"contentUrl\":\"https:\\\/\\\/i0.wp.com\\\/coral-dive-center.com\\\/wordpress\\\/wp-content\\\/uploads\\\/2020\\\/05\\\/1181_ic741600_patrol_web_02_nk44_z.jpg?fit=1100%2C1249&ssl=1\",\"width\":1100,\"height\":1249},{\"@type\":\"BreadcrumbList\",\"@id\":\"https:\\\/\\\/coral-dive-center.com\\\/wordpress\\\/produkt\\\/cressi-bcd-patrol\\\/#breadcrumb\",\"itemListElement\":[{\"@type\":\"ListItem\",\"position\":1,\"name\":\"Startseite\",\"item\":\"https:\\\/\\\/coral-dive-center.com\\\/wordpress\\\/\"},{\"@type\":\"ListItem\",\"position\":2,\"name\":\"Cressi BCD Patrol\"}]},{\"@type\":\"WebSite\",\"@id\":\"https:\\\/\\\/coral-dive-center.com\\\/wordpress\\\/#website\",\"url\":\"https:\\\/\\\/coral-dive-center.com\\\/wordpress\\\/\",\"name\":\"coral-dive-center\",\"description\":\"Padi-Tauchkurse mit Dive-Shop in M\u00fcnchen\",\"publisher\":{\"@id\":\"https:\\\/\\\/coral-dive-center.com\\\/wordpress\\\/#organization\"},\"potentialAction\":[{\"@type\":\"SearchAction\",\"target\":{\"@type\":\"EntryPoint\",\"urlTemplate\":\"https:\\\/\\\/coral-dive-center.com\\\/wordpress\\\/?s={search_term_string}\"},\"query-input\":{\"@type\":\"PropertyValueSpecification\",\"valueRequired\":true,\"valueName\":\"search_term_string\"}}],\"inLanguage\":\"de\"},{\"@type\":\"Organization\",\"@id\":\"https:\\\/\\\/coral-dive-center.com\\\/wordpress\\\/#organization\",\"name\":\"Coral-Dive-Center\",\"url\":\"https:\\\/\\\/coral-dive-center.com\\\/wordpress\\\/\",\"logo\":{\"@type\":\"ImageObject\",\"inLanguage\":\"de\",\"@id\":\"https:\\\/\\\/coral-dive-center.com\\\/wordpress\\\/#\\\/schema\\\/logo\\\/image\\\/\",\"url\":\"https:\\\/\\\/i0.wp.com\\\/coral-dive-center.com\\\/wordpress\\\/wp-content\\\/uploads\\\/2020\\\/05\\\/cropped-coral-2.png?fit=87%2C87&ssl=1\",\"contentUrl\":\"https:\\\/\\\/i0.wp.com\\\/coral-dive-center.com\\\/wordpress\\\/wp-content\\\/uploads\\\/2020\\\/05\\\/cropped-coral-2.png?fit=87%2C87&ssl=1\",\"width\":87,\"height\":87,\"caption\":\"Coral-Dive-Center\"},\"image\":{\"@id\":\"https:\\\/\\\/coral-dive-center.com\\\/wordpress\\\/#\\\/schema\\\/logo\\\/image\\\/\"}}]}<\/script>\n<!-- \/ Yoast SEO plugin. -->","yoast_head_json":{"title":"Cressi BCD Patrol - coral-dive-center","robots":{"index":"index","follow":"follow","max-snippet":"max-snippet:-1","max-image-preview":"max-image-preview:large","max-video-preview":"max-video-preview:-1"},"canonical":"https:\/\/coral-dive-center.com\/wordpress\/produkt\/cressi-bcd-patrol\/","og_locale":"de_DE","og_type":"article","og_title":"Cressi BCD Patrol - coral-dive-center","og_description":"Cressi BCD Patrol","og_url":"https:\/\/coral-dive-center.com\/wordpress\/produkt\/cressi-bcd-patrol\/","og_site_name":"coral-dive-center","article_modified_time":"2020-05-20T21:06:08+00:00","og_image":[{"width":1100,"height":1249,"url":"https:\/\/i0.wp.com\/coral-dive-center.com\/wordpress\/wp-content\/uploads\/2020\/05\/1181_ic741600_patrol_web_02_nk44_z.jpg?fit=1100%2C1249&ssl=1","type":"image\/jpeg"}],"twitter_card":"summary_large_image","twitter_misc":{"Gesch\u00e4tzte Lesezeit":"1\u00a0Minute"},"schema":{"@context":"https:\/\/schema.org","@graph":[{"@type":"WebPage","@id":"https:\/\/coral-dive-center.com\/wordpress\/produkt\/cressi-bcd-patrol\/","url":"https:\/\/coral-dive-center.com\/wordpress\/produkt\/cressi-bcd-patrol\/","name":"Cressi BCD Patrol - coral-dive-center","isPartOf":{"@id":"https:\/\/coral-dive-center.com\/wordpress\/#website"},"primaryImageOfPage":{"@id":"https:\/\/coral-dive-center.com\/wordpress\/produkt\/cressi-bcd-patrol\/#primaryimage"},"image":{"@id":"https:\/\/coral-dive-center.com\/wordpress\/produkt\/cressi-bcd-patrol\/#primaryimage"},"thumbnailUrl":"https:\/\/i0.wp.com\/coral-dive-center.com\/wordpress\/wp-content\/uploads\/2020\/05\/1181_ic741600_patrol_web_02_nk44_z.jpg?fit=1100%2C1249&ssl=1","datePublished":"2020-05-19T12:23:45+00:00","dateModified":"2020-05-20T21:06:08+00:00","breadcrumb":{"@id":"https:\/\/coral-dive-center.com\/wordpress\/produkt\/cressi-bcd-patrol\/#breadcrumb"},"inLanguage":"de","potentialAction":[{"@type":"ReadAction","target":["https:\/\/coral-dive-center.com\/wordpress\/produkt\/cressi-bcd-patrol\/"]}]},{"@type":"ImageObject","inLanguage":"de","@id":"https:\/\/coral-dive-center.com\/wordpress\/produkt\/cressi-bcd-patrol\/#primaryimage","url":"https:\/\/i0.wp.com\/coral-dive-center.com\/wordpress\/wp-content\/uploads\/2020\/05\/1181_ic741600_patrol_web_02_nk44_z.jpg?fit=1100%2C1249&ssl=1","contentUrl":"https:\/\/i0.wp.com\/coral-dive-center.com\/wordpress\/wp-content\/uploads\/2020\/05\/1181_ic741600_patrol_web_02_nk44_z.jpg?fit=1100%2C1249&ssl=1","width":1100,"height":1249},{"@type":"BreadcrumbList","@id":"https:\/\/coral-dive-center.com\/wordpress\/produkt\/cressi-bcd-patrol\/#breadcrumb","itemListElement":[{"@type":"ListItem","position":1,"name":"Startseite","item":"https:\/\/coral-dive-center.com\/wordpress\/"},{"@type":"ListItem","position":2,"name":"Cressi BCD Patrol"}]},{"@type":"WebSite","@id":"https:\/\/coral-dive-center.com\/wordpress\/#website","url":"https:\/\/coral-dive-center.com\/wordpress\/","name":"coral-dive-center","description":"Padi-Tauchkurse mit Dive-Shop in M\u00fcnchen","publisher":{"@id":"https:\/\/coral-dive-center.com\/wordpress\/#organization"},"potentialAction":[{"@type":"SearchAction","target":{"@type":"EntryPoint","urlTemplate":"https:\/\/coral-dive-center.com\/wordpress\/?s={search_term_string}"},"query-input":{"@type":"PropertyValueSpecification","valueRequired":true,"valueName":"search_term_string"}}],"inLanguage":"de"},{"@type":"Organization","@id":"https:\/\/coral-dive-center.com\/wordpress\/#organization","name":"Coral-Dive-Center","url":"https:\/\/coral-dive-center.com\/wordpress\/","logo":{"@type":"ImageObject","inLanguage":"de","@id":"https:\/\/coral-dive-center.com\/wordpress\/#\/schema\/logo\/image\/","url":"https:\/\/i0.wp.com\/coral-dive-center.com\/wordpress\/wp-content\/uploads\/2020\/05\/cropped-coral-2.png?fit=87%2C87&ssl=1","contentUrl":"https:\/\/i0.wp.com\/coral-dive-center.com\/wordpress\/wp-content\/uploads\/2020\/05\/cropped-coral-2.png?fit=87%2C87&ssl=1","width":87,"height":87,"caption":"Coral-Dive-Center"},"image":{"@id":"https:\/\/coral-dive-center.com\/wordpress\/#\/schema\/logo\/image\/"}}]}},"jetpack_publicize_connections":[],"jetpack-related-posts":[],"jetpack_likes_enabled":true,"jetpack_sharing_enabled":true,"_links":{"self":[{"href":"https:\/\/coral-dive-center.com\/wordpress\/wp-json\/wp\/v2\/product\/715","targetHints":{"allow":["GET"]}}],"collection":[{"href":"https:\/\/coral-dive-center.com\/wordpress\/wp-json\/wp\/v2\/product"}],"about":[{"href":"https:\/\/coral-dive-center.com\/wordpress\/wp-json\/wp\/v2\/types\/product"}],"replies":[{"embeddable":true,"href":"https:\/\/coral-dive-center.com\/wordpress\/wp-json\/wp\/v2\/comments?post=715"}],"wp:featuredmedia":[{"embeddable":true,"href":"https:\/\/coral-dive-center.com\/wordpress\/wp-json\/wp\/v2\/media\/782"}],"wp:attachment":[{"href":"https:\/\/coral-dive-center.com\/wordpress\/wp-json\/wp\/v2\/media?parent=715"}],"wp:term":[{"taxonomy":"product_brand","embeddable":true,"href":"https:\/\/coral-dive-center.com\/wordpress\/wp-json\/wp\/v2\/product_brand?post=715"},{"taxonomy":"product_cat","embeddable":true,"href":"https:\/\/coral-dive-center.com\/wordpress\/wp-json\/wp\/v2\/product_cat?post=715"},{"taxonomy":"product_tag","embeddable":true,"href":"https:\/\/coral-dive-center.com\/wordpress\/wp-json\/wp\/v2\/product_tag?post=715"}],"curies":[{"name":"wp","href":"https:\/\/api.w.org\/{rel}","templated":true}]}}