{"id":698,"date":"2020-05-19T13:24:20","date_gmt":"2020-05-19T11:24:20","guid":{"rendered":"https:\/\/coral-dive-center.com\/wordpress\/?post_type=product&#038;p=698"},"modified":"2020-05-21T00:21:53","modified_gmt":"2020-05-20T22:21:53","slug":"cressi-fast-man-wetsuit-3-mm","status":"publish","type":"product","link":"https:\/\/coral-dive-center.com\/wordpress\/produkt\/cressi-fast-man-wetsuit-3-mm\/","title":{"rendered":"Cressi FAST Man Wetsuit 3 mm"},"content":{"rendered":"<p>Elegant, warm und vielseitig, ist der FAST aus 3 mm doppelt ausgekleidetem Neopren best\u00e4ndig gegen Druck in der Tiefe f\u00fcr maximale W\u00e4rmespeicherung.<\/p>\n<p>Neuer modularer Neoprenanzug mit neuem Design und interessanten technischen L\u00f6sungen, die eine bemerkenswerte wasserdichte Abdichtung garantieren.<\/p>\n<p>Die Anatomie des Schnittes der Hose ist vorgeformt, um die Flexibilit\u00e4t f\u00fcr ein leichteres Flossen zu verbessern.<\/p>\n<p>FAST kombiniert ein einzelnes 5-mm-St\u00fcck (auch als 3-mm- und 7-mm-Version erh\u00e4ltlich) mit einer separaten 5-mm- und 3,5-mm-Kappe und einer sehr elastischen Beschichtung. Die drei Elemente k\u00f6nnen separat erworben werden.<\/p>\n<p>Es ist besonders angenehm zu tragen und dank der neuen, doppelt gef\u00fctterten Neopren-\u00c4rmel mit einem &#8220;Seal&#8221; -Innenring modular aufgebaut, um eine wasserdichte Abdichtung zu gew\u00e4hrleisten. Diese L\u00f6sung bietet Langlebigkeit und ist auch f\u00fcr Tauchzentren garantiert, die sie als Schule und Ausr\u00fcstungsverleih f\u00fcr optimale Ergebnisse nutzen.<\/p>\n<p>Der hintere YKK\u00ae-Rei\u00dfverschluss verf\u00fcgt \u00fcber das Acquastop\u00ae-Verschlusssystem mit glattem Neopren und internem Rei\u00dfverschluss, um das Eindringen von Wasser zu minimieren.<\/p>\n<p>Der Halsverschluss hat eine deutliche Designverbesserung, die das Eindringen von Wasser an dieser kritischen Stelle reduziert. Die Verschlussklappe ist jetzt viel breiter und l\u00e4nger, um ein Eindringen beim Kippen des Halses unter Wasser zu verhindern.<\/p>\n<p>Anatomisch geformter Hals, bei 120 \u00b0 vorgeformt f\u00fcr maximalen Komfort.<\/p>\n<p>Knie- und Schultergurte mit verschlei\u00dffesten elastischen Verst\u00e4rkungen aus Tatex\u00ae. Diese Art der Verst\u00e4rkung schr\u00e4nkt die Elastizit\u00e4t des Neoprens praktisch nicht ein, bietet eine ausreichende Verst\u00e4rkung und erleichtert das Positionieren des Neoprenanzugs.<br \/>\nBesonders elastisches Nylonfutter an Innen- und Au\u00dfenseite zur Optimierung der Elastizit\u00e4t des Neoprens.<\/p>\n<p>Es verwendet die gleiche Neoprenqualit\u00e4t wie der Rest der Cressi-Neoprenanzugkollektion, obwohl ein sehr kleiner Anzug teuer ist.<br \/>\nAuch in 3 mm und 7 mm Versionen erh\u00e4ltlich.<\/p>\n<p><strong>TECHNISCHE EIGENSCHAFTEN<\/strong><\/p>\n<p>&#8211; Einteiliger 3 mm Neoprenanzug aus doppelt gef\u00fcttertem Neopren<\/p>\n<p>&#8211; Ultraschall-Neopren an Armen und Waden<\/p>\n<p>&#8211; Vorgeformte Beine<\/p>\n<p>&#8211; YKK-R\u00fcckenrei\u00dfverschluss mit Unterrei\u00dfverschlussfutter und Wasserstoppsystem<\/p>\n<p>&#8211; Abriebfeste Verst\u00e4rkung an den Knien<\/p>\n<p>&#8211; Handgelenke und Kn\u00f6chel mit Wasserstoppsystem \/ wasserdichten Dichtungen<\/p>\n","protected":false},"excerpt":{"rendered":"<h1 class=\"_2qrJF\" data-hook=\"product-title\">Cressi FAST Man Wetsuit 3 mm<\/h1>\n","protected":false},"featured_media":790,"comment_status":"open","ping_status":"closed","template":"","meta":{"jetpack_post_was_ever_published":false,"jetpack_publicize_message":"","jetpack_publicize_feature_enabled":true,"jetpack_social_post_already_shared":false,"jetpack_social_options":{"image_generator_settings":{"template":"highway","default_image_id":0,"font":"","enabled":false},"version":2}},"product_brand":[],"product_cat":[28],"product_tag":[43,59,60],"class_list":{"0":"post-698","1":"product","2":"type-product","3":"status-publish","4":"has-post-thumbnail","6":"product_cat-diving-suit","7":"product_tag-cressi","8":"product_tag-neoprenanzug","9":"product_tag-wetsuit","10":"post-holder","12":"first","13":"instock","14":"sale","15":"taxable","16":"shipping-taxable","17":"purchasable","18":"product-type-simple"},"yoast_head":"<!-- This site is optimized with the Yoast SEO plugin v27.4 - https:\/\/yoast.com\/product\/yoast-seo-wordpress\/ -->\n<title>Cressi FAST Man Wetsuit 3 mm - coral-dive-center<\/title>\n<meta name=\"robots\" content=\"index, follow, max-snippet:-1, max-image-preview:large, max-video-preview:-1\" \/>\n<link rel=\"canonical\" href=\"https:\/\/coral-dive-center.com\/wordpress\/produkt\/cressi-fast-man-wetsuit-3-mm\/\" \/>\n<meta property=\"og:locale\" content=\"de_DE\" \/>\n<meta property=\"og:type\" content=\"article\" \/>\n<meta property=\"og:title\" content=\"Cressi FAST Man Wetsuit 3 mm - coral-dive-center\" \/>\n<meta property=\"og:description\" content=\"Cressi FAST Man Wetsuit 3 mm\" \/>\n<meta property=\"og:url\" content=\"https:\/\/coral-dive-center.com\/wordpress\/produkt\/cressi-fast-man-wetsuit-3-mm\/\" \/>\n<meta property=\"og:site_name\" content=\"coral-dive-center\" \/>\n<meta property=\"article:modified_time\" content=\"2020-05-20T22:21:53+00:00\" \/>\n<meta property=\"og:image\" content=\"https:\/\/i0.wp.com\/coral-dive-center.com\/wordpress\/wp-content\/uploads\/2020\/05\/1286__rm_fast_3mm_3171_z.jpg?fit=660%2C2000&ssl=1\" \/>\n\t<meta property=\"og:image:width\" content=\"660\" \/>\n\t<meta property=\"og:image:height\" content=\"2000\" \/>\n\t<meta property=\"og:image:type\" content=\"image\/jpeg\" \/>\n<meta name=\"twitter:card\" content=\"summary_large_image\" \/>\n<meta name=\"twitter:label1\" content=\"Gesch\u00e4tzte Lesezeit\" \/>\n\t<meta name=\"twitter:data1\" content=\"2\u00a0Minuten\" \/>\n<script type=\"application\/ld+json\" class=\"yoast-schema-graph\">{\"@context\":\"https:\\\/\\\/schema.org\",\"@graph\":[{\"@type\":\"WebPage\",\"@id\":\"https:\\\/\\\/coral-dive-center.com\\\/wordpress\\\/produkt\\\/cressi-fast-man-wetsuit-3-mm\\\/\",\"url\":\"https:\\\/\\\/coral-dive-center.com\\\/wordpress\\\/produkt\\\/cressi-fast-man-wetsuit-3-mm\\\/\",\"name\":\"Cressi FAST Man Wetsuit 3 mm - coral-dive-center\",\"isPartOf\":{\"@id\":\"https:\\\/\\\/coral-dive-center.com\\\/wordpress\\\/#website\"},\"primaryImageOfPage\":{\"@id\":\"https:\\\/\\\/coral-dive-center.com\\\/wordpress\\\/produkt\\\/cressi-fast-man-wetsuit-3-mm\\\/#primaryimage\"},\"image\":{\"@id\":\"https:\\\/\\\/coral-dive-center.com\\\/wordpress\\\/produkt\\\/cressi-fast-man-wetsuit-3-mm\\\/#primaryimage\"},\"thumbnailUrl\":\"https:\\\/\\\/i0.wp.com\\\/coral-dive-center.com\\\/wordpress\\\/wp-content\\\/uploads\\\/2020\\\/05\\\/1286__rm_fast_3mm_3171_z.jpg?fit=660%2C2000&ssl=1\",\"datePublished\":\"2020-05-19T11:24:20+00:00\",\"dateModified\":\"2020-05-20T22:21:53+00:00\",\"breadcrumb\":{\"@id\":\"https:\\\/\\\/coral-dive-center.com\\\/wordpress\\\/produkt\\\/cressi-fast-man-wetsuit-3-mm\\\/#breadcrumb\"},\"inLanguage\":\"de\",\"potentialAction\":[{\"@type\":\"ReadAction\",\"target\":[\"https:\\\/\\\/coral-dive-center.com\\\/wordpress\\\/produkt\\\/cressi-fast-man-wetsuit-3-mm\\\/\"]}]},{\"@type\":\"ImageObject\",\"inLanguage\":\"de\",\"@id\":\"https:\\\/\\\/coral-dive-center.com\\\/wordpress\\\/produkt\\\/cressi-fast-man-wetsuit-3-mm\\\/#primaryimage\",\"url\":\"https:\\\/\\\/i0.wp.com\\\/coral-dive-center.com\\\/wordpress\\\/wp-content\\\/uploads\\\/2020\\\/05\\\/1286__rm_fast_3mm_3171_z.jpg?fit=660%2C2000&ssl=1\",\"contentUrl\":\"https:\\\/\\\/i0.wp.com\\\/coral-dive-center.com\\\/wordpress\\\/wp-content\\\/uploads\\\/2020\\\/05\\\/1286__rm_fast_3mm_3171_z.jpg?fit=660%2C2000&ssl=1\",\"width\":660,\"height\":2000},{\"@type\":\"BreadcrumbList\",\"@id\":\"https:\\\/\\\/coral-dive-center.com\\\/wordpress\\\/produkt\\\/cressi-fast-man-wetsuit-3-mm\\\/#breadcrumb\",\"itemListElement\":[{\"@type\":\"ListItem\",\"position\":1,\"name\":\"Startseite\",\"item\":\"https:\\\/\\\/coral-dive-center.com\\\/wordpress\\\/\"},{\"@type\":\"ListItem\",\"position\":2,\"name\":\"Cressi FAST Man Wetsuit 3 mm\"}]},{\"@type\":\"WebSite\",\"@id\":\"https:\\\/\\\/coral-dive-center.com\\\/wordpress\\\/#website\",\"url\":\"https:\\\/\\\/coral-dive-center.com\\\/wordpress\\\/\",\"name\":\"coral-dive-center\",\"description\":\"Padi-Tauchkurse mit Dive-Shop in M\u00fcnchen\",\"publisher\":{\"@id\":\"https:\\\/\\\/coral-dive-center.com\\\/wordpress\\\/#organization\"},\"potentialAction\":[{\"@type\":\"SearchAction\",\"target\":{\"@type\":\"EntryPoint\",\"urlTemplate\":\"https:\\\/\\\/coral-dive-center.com\\\/wordpress\\\/?s={search_term_string}\"},\"query-input\":{\"@type\":\"PropertyValueSpecification\",\"valueRequired\":true,\"valueName\":\"search_term_string\"}}],\"inLanguage\":\"de\"},{\"@type\":\"Organization\",\"@id\":\"https:\\\/\\\/coral-dive-center.com\\\/wordpress\\\/#organization\",\"name\":\"Coral-Dive-Center\",\"url\":\"https:\\\/\\\/coral-dive-center.com\\\/wordpress\\\/\",\"logo\":{\"@type\":\"ImageObject\",\"inLanguage\":\"de\",\"@id\":\"https:\\\/\\\/coral-dive-center.com\\\/wordpress\\\/#\\\/schema\\\/logo\\\/image\\\/\",\"url\":\"https:\\\/\\\/i0.wp.com\\\/coral-dive-center.com\\\/wordpress\\\/wp-content\\\/uploads\\\/2020\\\/05\\\/cropped-coral-2.png?fit=87%2C87&ssl=1\",\"contentUrl\":\"https:\\\/\\\/i0.wp.com\\\/coral-dive-center.com\\\/wordpress\\\/wp-content\\\/uploads\\\/2020\\\/05\\\/cropped-coral-2.png?fit=87%2C87&ssl=1\",\"width\":87,\"height\":87,\"caption\":\"Coral-Dive-Center\"},\"image\":{\"@id\":\"https:\\\/\\\/coral-dive-center.com\\\/wordpress\\\/#\\\/schema\\\/logo\\\/image\\\/\"}}]}<\/script>\n<!-- \/ Yoast SEO plugin. -->","yoast_head_json":{"title":"Cressi FAST Man Wetsuit 3 mm - coral-dive-center","robots":{"index":"index","follow":"follow","max-snippet":"max-snippet:-1","max-image-preview":"max-image-preview:large","max-video-preview":"max-video-preview:-1"},"canonical":"https:\/\/coral-dive-center.com\/wordpress\/produkt\/cressi-fast-man-wetsuit-3-mm\/","og_locale":"de_DE","og_type":"article","og_title":"Cressi FAST Man Wetsuit 3 mm - coral-dive-center","og_description":"Cressi FAST Man Wetsuit 3 mm","og_url":"https:\/\/coral-dive-center.com\/wordpress\/produkt\/cressi-fast-man-wetsuit-3-mm\/","og_site_name":"coral-dive-center","article_modified_time":"2020-05-20T22:21:53+00:00","og_image":[{"width":660,"height":2000,"url":"https:\/\/i0.wp.com\/coral-dive-center.com\/wordpress\/wp-content\/uploads\/2020\/05\/1286__rm_fast_3mm_3171_z.jpg?fit=660%2C2000&ssl=1","type":"image\/jpeg"}],"twitter_card":"summary_large_image","twitter_misc":{"Gesch\u00e4tzte Lesezeit":"2\u00a0Minuten"},"schema":{"@context":"https:\/\/schema.org","@graph":[{"@type":"WebPage","@id":"https:\/\/coral-dive-center.com\/wordpress\/produkt\/cressi-fast-man-wetsuit-3-mm\/","url":"https:\/\/coral-dive-center.com\/wordpress\/produkt\/cressi-fast-man-wetsuit-3-mm\/","name":"Cressi FAST Man Wetsuit 3 mm - coral-dive-center","isPartOf":{"@id":"https:\/\/coral-dive-center.com\/wordpress\/#website"},"primaryImageOfPage":{"@id":"https:\/\/coral-dive-center.com\/wordpress\/produkt\/cressi-fast-man-wetsuit-3-mm\/#primaryimage"},"image":{"@id":"https:\/\/coral-dive-center.com\/wordpress\/produkt\/cressi-fast-man-wetsuit-3-mm\/#primaryimage"},"thumbnailUrl":"https:\/\/i0.wp.com\/coral-dive-center.com\/wordpress\/wp-content\/uploads\/2020\/05\/1286__rm_fast_3mm_3171_z.jpg?fit=660%2C2000&ssl=1","datePublished":"2020-05-19T11:24:20+00:00","dateModified":"2020-05-20T22:21:53+00:00","breadcrumb":{"@id":"https:\/\/coral-dive-center.com\/wordpress\/produkt\/cressi-fast-man-wetsuit-3-mm\/#breadcrumb"},"inLanguage":"de","potentialAction":[{"@type":"ReadAction","target":["https:\/\/coral-dive-center.com\/wordpress\/produkt\/cressi-fast-man-wetsuit-3-mm\/"]}]},{"@type":"ImageObject","inLanguage":"de","@id":"https:\/\/coral-dive-center.com\/wordpress\/produkt\/cressi-fast-man-wetsuit-3-mm\/#primaryimage","url":"https:\/\/i0.wp.com\/coral-dive-center.com\/wordpress\/wp-content\/uploads\/2020\/05\/1286__rm_fast_3mm_3171_z.jpg?fit=660%2C2000&ssl=1","contentUrl":"https:\/\/i0.wp.com\/coral-dive-center.com\/wordpress\/wp-content\/uploads\/2020\/05\/1286__rm_fast_3mm_3171_z.jpg?fit=660%2C2000&ssl=1","width":660,"height":2000},{"@type":"BreadcrumbList","@id":"https:\/\/coral-dive-center.com\/wordpress\/produkt\/cressi-fast-man-wetsuit-3-mm\/#breadcrumb","itemListElement":[{"@type":"ListItem","position":1,"name":"Startseite","item":"https:\/\/coral-dive-center.com\/wordpress\/"},{"@type":"ListItem","position":2,"name":"Cressi FAST Man Wetsuit 3 mm"}]},{"@type":"WebSite","@id":"https:\/\/coral-dive-center.com\/wordpress\/#website","url":"https:\/\/coral-dive-center.com\/wordpress\/","name":"coral-dive-center","description":"Padi-Tauchkurse mit Dive-Shop in M\u00fcnchen","publisher":{"@id":"https:\/\/coral-dive-center.com\/wordpress\/#organization"},"potentialAction":[{"@type":"SearchAction","target":{"@type":"EntryPoint","urlTemplate":"https:\/\/coral-dive-center.com\/wordpress\/?s={search_term_string}"},"query-input":{"@type":"PropertyValueSpecification","valueRequired":true,"valueName":"search_term_string"}}],"inLanguage":"de"},{"@type":"Organization","@id":"https:\/\/coral-dive-center.com\/wordpress\/#organization","name":"Coral-Dive-Center","url":"https:\/\/coral-dive-center.com\/wordpress\/","logo":{"@type":"ImageObject","inLanguage":"de","@id":"https:\/\/coral-dive-center.com\/wordpress\/#\/schema\/logo\/image\/","url":"https:\/\/i0.wp.com\/coral-dive-center.com\/wordpress\/wp-content\/uploads\/2020\/05\/cropped-coral-2.png?fit=87%2C87&ssl=1","contentUrl":"https:\/\/i0.wp.com\/coral-dive-center.com\/wordpress\/wp-content\/uploads\/2020\/05\/cropped-coral-2.png?fit=87%2C87&ssl=1","width":87,"height":87,"caption":"Coral-Dive-Center"},"image":{"@id":"https:\/\/coral-dive-center.com\/wordpress\/#\/schema\/logo\/image\/"}}]}},"jetpack_publicize_connections":[],"jetpack-related-posts":[],"jetpack_likes_enabled":true,"jetpack_sharing_enabled":true,"_links":{"self":[{"href":"https:\/\/coral-dive-center.com\/wordpress\/wp-json\/wp\/v2\/product\/698","targetHints":{"allow":["GET"]}}],"collection":[{"href":"https:\/\/coral-dive-center.com\/wordpress\/wp-json\/wp\/v2\/product"}],"about":[{"href":"https:\/\/coral-dive-center.com\/wordpress\/wp-json\/wp\/v2\/types\/product"}],"replies":[{"embeddable":true,"href":"https:\/\/coral-dive-center.com\/wordpress\/wp-json\/wp\/v2\/comments?post=698"}],"wp:featuredmedia":[{"embeddable":true,"href":"https:\/\/coral-dive-center.com\/wordpress\/wp-json\/wp\/v2\/media\/790"}],"wp:attachment":[{"href":"https:\/\/coral-dive-center.com\/wordpress\/wp-json\/wp\/v2\/media?parent=698"}],"wp:term":[{"taxonomy":"product_brand","embeddable":true,"href":"https:\/\/coral-dive-center.com\/wordpress\/wp-json\/wp\/v2\/product_brand?post=698"},{"taxonomy":"product_cat","embeddable":true,"href":"https:\/\/coral-dive-center.com\/wordpress\/wp-json\/wp\/v2\/product_cat?post=698"},{"taxonomy":"product_tag","embeddable":true,"href":"https:\/\/coral-dive-center.com\/wordpress\/wp-json\/wp\/v2\/product_tag?post=698"}],"curies":[{"name":"wp","href":"https:\/\/api.w.org\/{rel}","templated":true}]}}