{"id":689,"date":"2020-05-19T13:04:03","date_gmt":"2020-05-19T11:04:03","guid":{"rendered":"https:\/\/coral-dive-center.com\/wordpress\/?post_type=product&#038;p=689"},"modified":"2022-12-07T22:34:33","modified_gmt":"2022-12-07T20:34:33","slug":"cressi-fast-lady-wetsuit-3-mm","status":"publish","type":"product","link":"https:\/\/coral-dive-center.com\/wordpress\/produkt\/cressi-fast-lady-wetsuit-3-mm\/","title":{"rendered":"Cressi FAST MONOPIECE WETSUIT  lady  3 mm"},"content":{"rendered":"<div class=\"_1FTz3 cell\">\n<div dir=\"ltr\">\n<section class=\"_2RbVQ\" data-hook=\"description-wrapper\">\n<div class=\"_3nbVj\">\n<div class=\"_3cRjW\" data-hook=\"content-wrapper\">\n<p><strong>Elegant, warm und vielseitig. Der FAST aus 3 mm dickem, doppelt ausgekleidetem<\/strong> Neopren widersteht einer tiefen Kompression f\u00fcr maximale W\u00e4rmespeicherung.<\/p>\n<p><strong>Neuer modularer Neoprenanzug<\/strong> mit neuem Design und interessanten technischen L\u00f6sungen, die eine bemerkenswerte wasserdichte Abdichtung garantieren.<\/p>\n<p><strong>Die Anatomie des Schnittes der Hose ist vorgeformt<\/strong> , um die Flexibilit\u00e4t zu verbessern und das Finnen zu erleichtern.<\/p>\n<p><strong>FAST kombiniert ein einzelnes 3-mm-St\u00fcck (auch als 5-mm- und 7-mm-Version erh\u00e4ltlich)<\/strong> mit einer separaten 5-mm- und 3,5-mm-Kappe und einer sehr elastischen Beschichtung. Die drei Elemente k\u00f6nnen separat erworben werden.<\/p>\n<p><strong>Es ist besonders angenehm zu tragen und modular<\/strong> dank <strong>der neuen, doppelt gef\u00fctterten Neopren-\u00c4rmel mit einem &#8220;Seal&#8221; -Innenring, der f\u00fcr eine wasserdichte Abdichtung sorgt<\/strong> . Diese L\u00f6sung bietet Langlebigkeit und ist auch f\u00fcr Tauchzentren garantiert, die sie als Schule und Ausr\u00fcstungsverleih f\u00fcr optimale Ergebnisse nutzen.<\/p>\n<p><strong>Der hintere YKK\u00ae-Rei\u00dfverschluss verf\u00fcgt \u00fcber das Acquastop\u00ae-<\/strong> Verschlusssystem mit glattem Neopren und einer <strong>Innenseite<\/strong> unter dem Rei\u00dfverschluss, um das Eindringen von Wasser zu minimieren.<\/p>\n<p><strong>Der Halsverschluss hat eine deutliche Designverbesserung<\/strong> , die das Eindringen von Wasser an dieser kritischen Stelle reduziert. Die Verschlussklappe ist jetzt viel breiter und l\u00e4nger, um ein Eindringen beim Kippen des Halses unter Wasser zu verhindern.<\/p>\n<p><strong>Anatomisch geformter Hals, bei 120 \u00b0 vorgeformt f\u00fcr maximalen Komfort.<\/strong><\/p>\n<p><strong>Knie- und Schultergurte mit<\/strong> verschlei\u00dffesten elastischen Verst\u00e4rkungen aus <strong>Tatex\u00ae<\/strong> . Diese Art der Verst\u00e4rkung schr\u00e4nkt die Elastizit\u00e4t des Neoprens praktisch nicht ein, bietet eine ausreichende Verst\u00e4rkung und erleichtert das Positionieren des Neoprenanzugs.<br \/>\nBesonders elastisches Nylonfutter an Innen- und Au\u00dfenseite zur Optimierung der Elastizit\u00e4t des Neoprens.<\/p>\n<p>Es verwendet die gleiche Neoprenqualit\u00e4t wie der Rest der Cressi-Neoprenanzugkollektion.<br \/>\n<strong>Auch in 5 mm und 7 mm Versionen erh\u00e4ltlich.<\/strong><\/p>\n<p>&nbsp;<\/p>\n<div>\n<p><strong>TECHNISCHE EIGENSCHAFTEN<\/strong><\/p>\n<p>&#8211; Einteiliger 3 mm Neoprenanzug aus doppelt gef\u00fcttertem Neopren<\/p>\n<p>&#8211; Ultraschall-Neopren an Armen und Waden<\/p>\n<p>&#8211; Vorgeformte Beine<\/p>\n<p>&#8211; YKK-R\u00fcckenrei\u00dfverschluss mit Unterrei\u00dfverschlussfutter und Wasserstoppsystem<\/p>\n<p>&#8211; Abriebfeste Verst\u00e4rkung an den Knien<\/p>\n<p>&#8211; Handgelenke und Kn\u00f6chel mit Wasserstoppsystem \/ wasserdichten Dichtungen<\/p>\n<\/div>\n<\/div>\n<\/div>\n<\/section>\n<\/div>\n<\/div>\n","protected":false},"excerpt":{"rendered":"<p>Cressi FAST lady Wetsuit 3 mm<\/p>\n","protected":false},"featured_media":797,"comment_status":"open","ping_status":"closed","template":"","meta":{"jetpack_post_was_ever_published":false,"jetpack_publicize_message":"","jetpack_publicize_feature_enabled":true,"jetpack_social_post_already_shared":false,"jetpack_social_options":{"image_generator_settings":{"template":"highway","default_image_id":0,"font":"","enabled":false},"version":2}},"product_brand":[],"product_cat":[28],"product_tag":[43,58,42],"class_list":{"0":"post-689","1":"product","2":"type-product","3":"status-publish","4":"has-post-thumbnail","6":"product_cat-diving-suit","7":"product_tag-cressi","8":"product_tag-fast","9":"product_tag-neopren","10":"post-holder","12":"first","13":"instock","14":"sale","15":"taxable","16":"shipping-taxable","17":"purchasable","18":"product-type-simple"},"yoast_head":"<!-- This site is optimized with the Yoast SEO plugin v27.4 - https:\/\/yoast.com\/product\/yoast-seo-wordpress\/ -->\n<title>Cressi FAST MONOPIECE WETSUIT lady 3 mm - coral-dive-center<\/title>\n<meta name=\"robots\" content=\"index, follow, max-snippet:-1, max-image-preview:large, max-video-preview:-1\" \/>\n<link rel=\"canonical\" href=\"https:\/\/coral-dive-center.com\/wordpress\/produkt\/cressi-fast-lady-wetsuit-3-mm\/\" \/>\n<meta property=\"og:locale\" content=\"de_DE\" \/>\n<meta property=\"og:type\" content=\"article\" \/>\n<meta property=\"og:title\" content=\"Cressi FAST MONOPIECE WETSUIT lady 3 mm - coral-dive-center\" \/>\n<meta property=\"og:description\" content=\"Cressi FAST lady Wetsuit 3 mm\" \/>\n<meta property=\"og:url\" content=\"https:\/\/coral-dive-center.com\/wordpress\/produkt\/cressi-fast-lady-wetsuit-3-mm\/\" \/>\n<meta property=\"og:site_name\" content=\"coral-dive-center\" \/>\n<meta property=\"article:modified_time\" content=\"2022-12-07T20:34:33+00:00\" \/>\n<meta property=\"og:image\" content=\"https:\/\/i0.wp.com\/coral-dive-center.com\/wordpress\/wp-content\/uploads\/2020\/05\/1287__rm_fast_3mm_2349_z.jpg?fit=725%2C2000&ssl=1\" \/>\n\t<meta property=\"og:image:width\" content=\"725\" \/>\n\t<meta property=\"og:image:height\" content=\"2000\" \/>\n\t<meta property=\"og:image:type\" content=\"image\/jpeg\" \/>\n<meta name=\"twitter:card\" content=\"summary_large_image\" \/>\n<meta name=\"twitter:label1\" content=\"Gesch\u00e4tzte Lesezeit\" \/>\n\t<meta name=\"twitter:data1\" content=\"2\u00a0Minuten\" \/>\n<script type=\"application\/ld+json\" class=\"yoast-schema-graph\">{\"@context\":\"https:\\\/\\\/schema.org\",\"@graph\":[{\"@type\":\"WebPage\",\"@id\":\"https:\\\/\\\/coral-dive-center.com\\\/wordpress\\\/produkt\\\/cressi-fast-lady-wetsuit-3-mm\\\/\",\"url\":\"https:\\\/\\\/coral-dive-center.com\\\/wordpress\\\/produkt\\\/cressi-fast-lady-wetsuit-3-mm\\\/\",\"name\":\"Cressi FAST MONOPIECE WETSUIT lady 3 mm - coral-dive-center\",\"isPartOf\":{\"@id\":\"https:\\\/\\\/coral-dive-center.com\\\/wordpress\\\/#website\"},\"primaryImageOfPage\":{\"@id\":\"https:\\\/\\\/coral-dive-center.com\\\/wordpress\\\/produkt\\\/cressi-fast-lady-wetsuit-3-mm\\\/#primaryimage\"},\"image\":{\"@id\":\"https:\\\/\\\/coral-dive-center.com\\\/wordpress\\\/produkt\\\/cressi-fast-lady-wetsuit-3-mm\\\/#primaryimage\"},\"thumbnailUrl\":\"https:\\\/\\\/i0.wp.com\\\/coral-dive-center.com\\\/wordpress\\\/wp-content\\\/uploads\\\/2020\\\/05\\\/1287__rm_fast_3mm_2349_z.jpg?fit=725%2C2000&ssl=1\",\"datePublished\":\"2020-05-19T11:04:03+00:00\",\"dateModified\":\"2022-12-07T20:34:33+00:00\",\"breadcrumb\":{\"@id\":\"https:\\\/\\\/coral-dive-center.com\\\/wordpress\\\/produkt\\\/cressi-fast-lady-wetsuit-3-mm\\\/#breadcrumb\"},\"inLanguage\":\"de\",\"potentialAction\":[{\"@type\":\"ReadAction\",\"target\":[\"https:\\\/\\\/coral-dive-center.com\\\/wordpress\\\/produkt\\\/cressi-fast-lady-wetsuit-3-mm\\\/\"]}]},{\"@type\":\"ImageObject\",\"inLanguage\":\"de\",\"@id\":\"https:\\\/\\\/coral-dive-center.com\\\/wordpress\\\/produkt\\\/cressi-fast-lady-wetsuit-3-mm\\\/#primaryimage\",\"url\":\"https:\\\/\\\/i0.wp.com\\\/coral-dive-center.com\\\/wordpress\\\/wp-content\\\/uploads\\\/2020\\\/05\\\/1287__rm_fast_3mm_2349_z.jpg?fit=725%2C2000&ssl=1\",\"contentUrl\":\"https:\\\/\\\/i0.wp.com\\\/coral-dive-center.com\\\/wordpress\\\/wp-content\\\/uploads\\\/2020\\\/05\\\/1287__rm_fast_3mm_2349_z.jpg?fit=725%2C2000&ssl=1\",\"width\":725,\"height\":2000},{\"@type\":\"BreadcrumbList\",\"@id\":\"https:\\\/\\\/coral-dive-center.com\\\/wordpress\\\/produkt\\\/cressi-fast-lady-wetsuit-3-mm\\\/#breadcrumb\",\"itemListElement\":[{\"@type\":\"ListItem\",\"position\":1,\"name\":\"Startseite\",\"item\":\"https:\\\/\\\/coral-dive-center.com\\\/wordpress\\\/\"},{\"@type\":\"ListItem\",\"position\":2,\"name\":\"Cressi FAST MONOPIECE WETSUIT lady 3 mm\"}]},{\"@type\":\"WebSite\",\"@id\":\"https:\\\/\\\/coral-dive-center.com\\\/wordpress\\\/#website\",\"url\":\"https:\\\/\\\/coral-dive-center.com\\\/wordpress\\\/\",\"name\":\"coral-dive-center\",\"description\":\"Padi-Tauchkurse mit Dive-Shop in M\u00fcnchen\",\"publisher\":{\"@id\":\"https:\\\/\\\/coral-dive-center.com\\\/wordpress\\\/#organization\"},\"potentialAction\":[{\"@type\":\"SearchAction\",\"target\":{\"@type\":\"EntryPoint\",\"urlTemplate\":\"https:\\\/\\\/coral-dive-center.com\\\/wordpress\\\/?s={search_term_string}\"},\"query-input\":{\"@type\":\"PropertyValueSpecification\",\"valueRequired\":true,\"valueName\":\"search_term_string\"}}],\"inLanguage\":\"de\"},{\"@type\":\"Organization\",\"@id\":\"https:\\\/\\\/coral-dive-center.com\\\/wordpress\\\/#organization\",\"name\":\"Coral-Dive-Center\",\"url\":\"https:\\\/\\\/coral-dive-center.com\\\/wordpress\\\/\",\"logo\":{\"@type\":\"ImageObject\",\"inLanguage\":\"de\",\"@id\":\"https:\\\/\\\/coral-dive-center.com\\\/wordpress\\\/#\\\/schema\\\/logo\\\/image\\\/\",\"url\":\"https:\\\/\\\/i0.wp.com\\\/coral-dive-center.com\\\/wordpress\\\/wp-content\\\/uploads\\\/2020\\\/05\\\/cropped-coral-2.png?fit=87%2C87&ssl=1\",\"contentUrl\":\"https:\\\/\\\/i0.wp.com\\\/coral-dive-center.com\\\/wordpress\\\/wp-content\\\/uploads\\\/2020\\\/05\\\/cropped-coral-2.png?fit=87%2C87&ssl=1\",\"width\":87,\"height\":87,\"caption\":\"Coral-Dive-Center\"},\"image\":{\"@id\":\"https:\\\/\\\/coral-dive-center.com\\\/wordpress\\\/#\\\/schema\\\/logo\\\/image\\\/\"}}]}<\/script>\n<!-- \/ Yoast SEO plugin. -->","yoast_head_json":{"title":"Cressi FAST MONOPIECE WETSUIT lady 3 mm - coral-dive-center","robots":{"index":"index","follow":"follow","max-snippet":"max-snippet:-1","max-image-preview":"max-image-preview:large","max-video-preview":"max-video-preview:-1"},"canonical":"https:\/\/coral-dive-center.com\/wordpress\/produkt\/cressi-fast-lady-wetsuit-3-mm\/","og_locale":"de_DE","og_type":"article","og_title":"Cressi FAST MONOPIECE WETSUIT lady 3 mm - coral-dive-center","og_description":"Cressi FAST lady Wetsuit 3 mm","og_url":"https:\/\/coral-dive-center.com\/wordpress\/produkt\/cressi-fast-lady-wetsuit-3-mm\/","og_site_name":"coral-dive-center","article_modified_time":"2022-12-07T20:34:33+00:00","og_image":[{"width":725,"height":2000,"url":"https:\/\/i0.wp.com\/coral-dive-center.com\/wordpress\/wp-content\/uploads\/2020\/05\/1287__rm_fast_3mm_2349_z.jpg?fit=725%2C2000&ssl=1","type":"image\/jpeg"}],"twitter_card":"summary_large_image","twitter_misc":{"Gesch\u00e4tzte Lesezeit":"2\u00a0Minuten"},"schema":{"@context":"https:\/\/schema.org","@graph":[{"@type":"WebPage","@id":"https:\/\/coral-dive-center.com\/wordpress\/produkt\/cressi-fast-lady-wetsuit-3-mm\/","url":"https:\/\/coral-dive-center.com\/wordpress\/produkt\/cressi-fast-lady-wetsuit-3-mm\/","name":"Cressi FAST MONOPIECE WETSUIT lady 3 mm - coral-dive-center","isPartOf":{"@id":"https:\/\/coral-dive-center.com\/wordpress\/#website"},"primaryImageOfPage":{"@id":"https:\/\/coral-dive-center.com\/wordpress\/produkt\/cressi-fast-lady-wetsuit-3-mm\/#primaryimage"},"image":{"@id":"https:\/\/coral-dive-center.com\/wordpress\/produkt\/cressi-fast-lady-wetsuit-3-mm\/#primaryimage"},"thumbnailUrl":"https:\/\/i0.wp.com\/coral-dive-center.com\/wordpress\/wp-content\/uploads\/2020\/05\/1287__rm_fast_3mm_2349_z.jpg?fit=725%2C2000&ssl=1","datePublished":"2020-05-19T11:04:03+00:00","dateModified":"2022-12-07T20:34:33+00:00","breadcrumb":{"@id":"https:\/\/coral-dive-center.com\/wordpress\/produkt\/cressi-fast-lady-wetsuit-3-mm\/#breadcrumb"},"inLanguage":"de","potentialAction":[{"@type":"ReadAction","target":["https:\/\/coral-dive-center.com\/wordpress\/produkt\/cressi-fast-lady-wetsuit-3-mm\/"]}]},{"@type":"ImageObject","inLanguage":"de","@id":"https:\/\/coral-dive-center.com\/wordpress\/produkt\/cressi-fast-lady-wetsuit-3-mm\/#primaryimage","url":"https:\/\/i0.wp.com\/coral-dive-center.com\/wordpress\/wp-content\/uploads\/2020\/05\/1287__rm_fast_3mm_2349_z.jpg?fit=725%2C2000&ssl=1","contentUrl":"https:\/\/i0.wp.com\/coral-dive-center.com\/wordpress\/wp-content\/uploads\/2020\/05\/1287__rm_fast_3mm_2349_z.jpg?fit=725%2C2000&ssl=1","width":725,"height":2000},{"@type":"BreadcrumbList","@id":"https:\/\/coral-dive-center.com\/wordpress\/produkt\/cressi-fast-lady-wetsuit-3-mm\/#breadcrumb","itemListElement":[{"@type":"ListItem","position":1,"name":"Startseite","item":"https:\/\/coral-dive-center.com\/wordpress\/"},{"@type":"ListItem","position":2,"name":"Cressi FAST MONOPIECE WETSUIT lady 3 mm"}]},{"@type":"WebSite","@id":"https:\/\/coral-dive-center.com\/wordpress\/#website","url":"https:\/\/coral-dive-center.com\/wordpress\/","name":"coral-dive-center","description":"Padi-Tauchkurse mit Dive-Shop in M\u00fcnchen","publisher":{"@id":"https:\/\/coral-dive-center.com\/wordpress\/#organization"},"potentialAction":[{"@type":"SearchAction","target":{"@type":"EntryPoint","urlTemplate":"https:\/\/coral-dive-center.com\/wordpress\/?s={search_term_string}"},"query-input":{"@type":"PropertyValueSpecification","valueRequired":true,"valueName":"search_term_string"}}],"inLanguage":"de"},{"@type":"Organization","@id":"https:\/\/coral-dive-center.com\/wordpress\/#organization","name":"Coral-Dive-Center","url":"https:\/\/coral-dive-center.com\/wordpress\/","logo":{"@type":"ImageObject","inLanguage":"de","@id":"https:\/\/coral-dive-center.com\/wordpress\/#\/schema\/logo\/image\/","url":"https:\/\/i0.wp.com\/coral-dive-center.com\/wordpress\/wp-content\/uploads\/2020\/05\/cropped-coral-2.png?fit=87%2C87&ssl=1","contentUrl":"https:\/\/i0.wp.com\/coral-dive-center.com\/wordpress\/wp-content\/uploads\/2020\/05\/cropped-coral-2.png?fit=87%2C87&ssl=1","width":87,"height":87,"caption":"Coral-Dive-Center"},"image":{"@id":"https:\/\/coral-dive-center.com\/wordpress\/#\/schema\/logo\/image\/"}}]}},"jetpack_publicize_connections":[],"jetpack-related-posts":[],"jetpack_likes_enabled":true,"jetpack_sharing_enabled":true,"_links":{"self":[{"href":"https:\/\/coral-dive-center.com\/wordpress\/wp-json\/wp\/v2\/product\/689","targetHints":{"allow":["GET"]}}],"collection":[{"href":"https:\/\/coral-dive-center.com\/wordpress\/wp-json\/wp\/v2\/product"}],"about":[{"href":"https:\/\/coral-dive-center.com\/wordpress\/wp-json\/wp\/v2\/types\/product"}],"replies":[{"embeddable":true,"href":"https:\/\/coral-dive-center.com\/wordpress\/wp-json\/wp\/v2\/comments?post=689"}],"wp:featuredmedia":[{"embeddable":true,"href":"https:\/\/coral-dive-center.com\/wordpress\/wp-json\/wp\/v2\/media\/797"}],"wp:attachment":[{"href":"https:\/\/coral-dive-center.com\/wordpress\/wp-json\/wp\/v2\/media?parent=689"}],"wp:term":[{"taxonomy":"product_brand","embeddable":true,"href":"https:\/\/coral-dive-center.com\/wordpress\/wp-json\/wp\/v2\/product_brand?post=689"},{"taxonomy":"product_cat","embeddable":true,"href":"https:\/\/coral-dive-center.com\/wordpress\/wp-json\/wp\/v2\/product_cat?post=689"},{"taxonomy":"product_tag","embeddable":true,"href":"https:\/\/coral-dive-center.com\/wordpress\/wp-json\/wp\/v2\/product_tag?post=689"}],"curies":[{"name":"wp","href":"https:\/\/api.w.org\/{rel}","templated":true}]}}