{"id":688,"date":"2020-05-19T12:43:24","date_gmt":"2020-05-19T10:43:24","guid":{"rendered":"https:\/\/coral-dive-center.com\/wordpress\/?post_type=product&#038;p=688"},"modified":"2022-12-07T22:37:45","modified_gmt":"2022-12-07T20:37:45","slug":"cressi-fast-man-wetsuit-5-mm","status":"publish","type":"product","link":"https:\/\/coral-dive-center.com\/wordpress\/produkt\/cressi-fast-man-wetsuit-5-mm\/","title":{"rendered":"Cressi FAST MONOPIECE WETSUIT 5 mm  Man"},"content":{"rendered":"<p>Cressi entwickelt und fertigt seit \u00fcber 40 Jahren Neoprenanz\u00fcge selbst, dieser Erfahrungsschatz flie\u00dft in alle Anzugmodelle ein.<\/p>\n<p>Auch die Fast-Anzugserie bietet die legend\u00e4re Cressi-Pa\u00dfform, kombiniert mit flexiblem Premium-Neopren und Kaschierungen aus flexiblem Nylon. Elegant, warm und vielseitig einsetzbar: FAST, gefertigt aus doppelt kaschiertem Neopren, das \u00e4u\u00dferst resistent gegen Komprimierung ist. Modulares Design: separate 5 mm \u00dcberwesten mit Kopfhaube erh\u00e4ltlich. Neuartige Ringdichtungen, f\u00fcr gute Abdichtung an Armen und Beinen. Vorgeformte Beine, f\u00fcr bessere Beweglichkeit. Komfortabel und flexibel, besonders auch durch die neuartigen Manschetten mit doppelter Kaschierung und innerem &#8220;Dichtungsring&#8221;. YKK\u00ae R\u00fccken-Rei\u00dfverschluss mit Aquastop\u00ae-Abdichtung: Unterlage aus Neopren beidseitig. Kragen\/Halsabdichtung optimiert, um den Wassereintritt zu verringern: L\u00e4ngere, breitere Klettklappe die deutlich besser schlie\u00dft, bei Bewegungen des Kopfes. Halsbereich um ca. 120\u00ba vorgeformt, f\u00fcr maximalen Komfort. Knie und Schulterbereich mit Tatex\u00ae verst\u00e4rkt: \u00e4u\u00dferst widerstandsf\u00e4hig gegen Abrieb und Besch\u00e4digungen, dennoch flexibel. Gefertigt aus bestem Premium-Neopren, wie alle Cressi-Anz\u00fcge. Auch erh\u00e4ltlich in 3 mm und 7 mm Versionen. Gr\u00f6\u00dfen: S\/2 bis XXXL\/7<\/p>\n","protected":false},"excerpt":{"rendered":"<h1 class=\"_2qrJF\" data-hook=\"product-title\">Cressi FAST Man Wetsuit 5 mm<\/h1>\n","protected":false},"featured_media":808,"comment_status":"open","ping_status":"closed","template":"","meta":{"jetpack_post_was_ever_published":false,"jetpack_publicize_message":"","jetpack_publicize_feature_enabled":true,"jetpack_social_post_already_shared":false,"jetpack_social_options":{"image_generator_settings":{"template":"highway","default_image_id":0,"font":"","enabled":false},"version":2}},"product_brand":[],"product_cat":[28],"product_tag":[43,58,42],"class_list":{"0":"post-688","1":"product","2":"type-product","3":"status-publish","4":"has-post-thumbnail","6":"product_cat-diving-suit","7":"product_tag-cressi","8":"product_tag-fast","9":"product_tag-neopren","10":"post-holder","12":"first","13":"instock","14":"sale","15":"taxable","16":"shipping-taxable","17":"purchasable","18":"product-type-simple"},"yoast_head":"<!-- This site is optimized with the Yoast SEO plugin v27.4 - https:\/\/yoast.com\/product\/yoast-seo-wordpress\/ -->\n<title>Cressi FAST MONOPIECE WETSUIT 5 mm Man - coral-dive-center<\/title>\n<meta name=\"robots\" content=\"index, follow, max-snippet:-1, max-image-preview:large, max-video-preview:-1\" \/>\n<link rel=\"canonical\" href=\"https:\/\/coral-dive-center.com\/wordpress\/produkt\/cressi-fast-man-wetsuit-5-mm\/\" \/>\n<meta property=\"og:locale\" content=\"de_DE\" \/>\n<meta property=\"og:type\" content=\"article\" \/>\n<meta property=\"og:title\" content=\"Cressi FAST MONOPIECE WETSUIT 5 mm Man - coral-dive-center\" \/>\n<meta property=\"og:description\" content=\"Cressi FAST Man Wetsuit 5 mm\" \/>\n<meta property=\"og:url\" content=\"https:\/\/coral-dive-center.com\/wordpress\/produkt\/cressi-fast-man-wetsuit-5-mm\/\" \/>\n<meta property=\"og:site_name\" content=\"coral-dive-center\" \/>\n<meta property=\"article:modified_time\" content=\"2022-12-07T20:37:45+00:00\" \/>\n<meta property=\"og:image\" content=\"https:\/\/i0.wp.com\/coral-dive-center.com\/wordpress\/wp-content\/uploads\/2020\/05\/1285_data_img_1277_fast_5mm_hombre_y_mujer_z.jpg?fit=2406%2C2560&ssl=1\" \/>\n\t<meta property=\"og:image:width\" content=\"2406\" \/>\n\t<meta property=\"og:image:height\" content=\"2560\" \/>\n\t<meta property=\"og:image:type\" content=\"image\/jpeg\" \/>\n<meta name=\"twitter:card\" content=\"summary_large_image\" \/>\n<meta name=\"twitter:label1\" content=\"Gesch\u00e4tzte Lesezeit\" \/>\n\t<meta name=\"twitter:data1\" content=\"1\u00a0Minute\" \/>\n<script type=\"application\/ld+json\" class=\"yoast-schema-graph\">{\"@context\":\"https:\\\/\\\/schema.org\",\"@graph\":[{\"@type\":\"WebPage\",\"@id\":\"https:\\\/\\\/coral-dive-center.com\\\/wordpress\\\/produkt\\\/cressi-fast-man-wetsuit-5-mm\\\/\",\"url\":\"https:\\\/\\\/coral-dive-center.com\\\/wordpress\\\/produkt\\\/cressi-fast-man-wetsuit-5-mm\\\/\",\"name\":\"Cressi FAST MONOPIECE WETSUIT 5 mm Man - coral-dive-center\",\"isPartOf\":{\"@id\":\"https:\\\/\\\/coral-dive-center.com\\\/wordpress\\\/#website\"},\"primaryImageOfPage\":{\"@id\":\"https:\\\/\\\/coral-dive-center.com\\\/wordpress\\\/produkt\\\/cressi-fast-man-wetsuit-5-mm\\\/#primaryimage\"},\"image\":{\"@id\":\"https:\\\/\\\/coral-dive-center.com\\\/wordpress\\\/produkt\\\/cressi-fast-man-wetsuit-5-mm\\\/#primaryimage\"},\"thumbnailUrl\":\"https:\\\/\\\/i0.wp.com\\\/coral-dive-center.com\\\/wordpress\\\/wp-content\\\/uploads\\\/2020\\\/05\\\/1285_data_img_1277_fast_5mm_hombre_y_mujer_z.jpg?fit=2406%2C2560&ssl=1\",\"datePublished\":\"2020-05-19T10:43:24+00:00\",\"dateModified\":\"2022-12-07T20:37:45+00:00\",\"breadcrumb\":{\"@id\":\"https:\\\/\\\/coral-dive-center.com\\\/wordpress\\\/produkt\\\/cressi-fast-man-wetsuit-5-mm\\\/#breadcrumb\"},\"inLanguage\":\"de\",\"potentialAction\":[{\"@type\":\"ReadAction\",\"target\":[\"https:\\\/\\\/coral-dive-center.com\\\/wordpress\\\/produkt\\\/cressi-fast-man-wetsuit-5-mm\\\/\"]}]},{\"@type\":\"ImageObject\",\"inLanguage\":\"de\",\"@id\":\"https:\\\/\\\/coral-dive-center.com\\\/wordpress\\\/produkt\\\/cressi-fast-man-wetsuit-5-mm\\\/#primaryimage\",\"url\":\"https:\\\/\\\/i0.wp.com\\\/coral-dive-center.com\\\/wordpress\\\/wp-content\\\/uploads\\\/2020\\\/05\\\/1285_data_img_1277_fast_5mm_hombre_y_mujer_z.jpg?fit=2406%2C2560&ssl=1\",\"contentUrl\":\"https:\\\/\\\/i0.wp.com\\\/coral-dive-center.com\\\/wordpress\\\/wp-content\\\/uploads\\\/2020\\\/05\\\/1285_data_img_1277_fast_5mm_hombre_y_mujer_z.jpg?fit=2406%2C2560&ssl=1\",\"width\":2406,\"height\":2560},{\"@type\":\"BreadcrumbList\",\"@id\":\"https:\\\/\\\/coral-dive-center.com\\\/wordpress\\\/produkt\\\/cressi-fast-man-wetsuit-5-mm\\\/#breadcrumb\",\"itemListElement\":[{\"@type\":\"ListItem\",\"position\":1,\"name\":\"Startseite\",\"item\":\"https:\\\/\\\/coral-dive-center.com\\\/wordpress\\\/\"},{\"@type\":\"ListItem\",\"position\":2,\"name\":\"Cressi FAST MONOPIECE WETSUIT 5 mm Man\"}]},{\"@type\":\"WebSite\",\"@id\":\"https:\\\/\\\/coral-dive-center.com\\\/wordpress\\\/#website\",\"url\":\"https:\\\/\\\/coral-dive-center.com\\\/wordpress\\\/\",\"name\":\"coral-dive-center\",\"description\":\"Padi-Tauchkurse mit Dive-Shop in M\u00fcnchen\",\"publisher\":{\"@id\":\"https:\\\/\\\/coral-dive-center.com\\\/wordpress\\\/#organization\"},\"potentialAction\":[{\"@type\":\"SearchAction\",\"target\":{\"@type\":\"EntryPoint\",\"urlTemplate\":\"https:\\\/\\\/coral-dive-center.com\\\/wordpress\\\/?s={search_term_string}\"},\"query-input\":{\"@type\":\"PropertyValueSpecification\",\"valueRequired\":true,\"valueName\":\"search_term_string\"}}],\"inLanguage\":\"de\"},{\"@type\":\"Organization\",\"@id\":\"https:\\\/\\\/coral-dive-center.com\\\/wordpress\\\/#organization\",\"name\":\"Coral-Dive-Center\",\"url\":\"https:\\\/\\\/coral-dive-center.com\\\/wordpress\\\/\",\"logo\":{\"@type\":\"ImageObject\",\"inLanguage\":\"de\",\"@id\":\"https:\\\/\\\/coral-dive-center.com\\\/wordpress\\\/#\\\/schema\\\/logo\\\/image\\\/\",\"url\":\"https:\\\/\\\/i0.wp.com\\\/coral-dive-center.com\\\/wordpress\\\/wp-content\\\/uploads\\\/2020\\\/05\\\/cropped-coral-2.png?fit=87%2C87&ssl=1\",\"contentUrl\":\"https:\\\/\\\/i0.wp.com\\\/coral-dive-center.com\\\/wordpress\\\/wp-content\\\/uploads\\\/2020\\\/05\\\/cropped-coral-2.png?fit=87%2C87&ssl=1\",\"width\":87,\"height\":87,\"caption\":\"Coral-Dive-Center\"},\"image\":{\"@id\":\"https:\\\/\\\/coral-dive-center.com\\\/wordpress\\\/#\\\/schema\\\/logo\\\/image\\\/\"}}]}<\/script>\n<!-- \/ Yoast SEO plugin. -->","yoast_head_json":{"title":"Cressi FAST MONOPIECE WETSUIT 5 mm Man - coral-dive-center","robots":{"index":"index","follow":"follow","max-snippet":"max-snippet:-1","max-image-preview":"max-image-preview:large","max-video-preview":"max-video-preview:-1"},"canonical":"https:\/\/coral-dive-center.com\/wordpress\/produkt\/cressi-fast-man-wetsuit-5-mm\/","og_locale":"de_DE","og_type":"article","og_title":"Cressi FAST MONOPIECE WETSUIT 5 mm Man - coral-dive-center","og_description":"Cressi FAST Man Wetsuit 5 mm","og_url":"https:\/\/coral-dive-center.com\/wordpress\/produkt\/cressi-fast-man-wetsuit-5-mm\/","og_site_name":"coral-dive-center","article_modified_time":"2022-12-07T20:37:45+00:00","og_image":[{"width":2406,"height":2560,"url":"https:\/\/i0.wp.com\/coral-dive-center.com\/wordpress\/wp-content\/uploads\/2020\/05\/1285_data_img_1277_fast_5mm_hombre_y_mujer_z.jpg?fit=2406%2C2560&ssl=1","type":"image\/jpeg"}],"twitter_card":"summary_large_image","twitter_misc":{"Gesch\u00e4tzte Lesezeit":"1\u00a0Minute"},"schema":{"@context":"https:\/\/schema.org","@graph":[{"@type":"WebPage","@id":"https:\/\/coral-dive-center.com\/wordpress\/produkt\/cressi-fast-man-wetsuit-5-mm\/","url":"https:\/\/coral-dive-center.com\/wordpress\/produkt\/cressi-fast-man-wetsuit-5-mm\/","name":"Cressi FAST MONOPIECE WETSUIT 5 mm Man - coral-dive-center","isPartOf":{"@id":"https:\/\/coral-dive-center.com\/wordpress\/#website"},"primaryImageOfPage":{"@id":"https:\/\/coral-dive-center.com\/wordpress\/produkt\/cressi-fast-man-wetsuit-5-mm\/#primaryimage"},"image":{"@id":"https:\/\/coral-dive-center.com\/wordpress\/produkt\/cressi-fast-man-wetsuit-5-mm\/#primaryimage"},"thumbnailUrl":"https:\/\/i0.wp.com\/coral-dive-center.com\/wordpress\/wp-content\/uploads\/2020\/05\/1285_data_img_1277_fast_5mm_hombre_y_mujer_z.jpg?fit=2406%2C2560&ssl=1","datePublished":"2020-05-19T10:43:24+00:00","dateModified":"2022-12-07T20:37:45+00:00","breadcrumb":{"@id":"https:\/\/coral-dive-center.com\/wordpress\/produkt\/cressi-fast-man-wetsuit-5-mm\/#breadcrumb"},"inLanguage":"de","potentialAction":[{"@type":"ReadAction","target":["https:\/\/coral-dive-center.com\/wordpress\/produkt\/cressi-fast-man-wetsuit-5-mm\/"]}]},{"@type":"ImageObject","inLanguage":"de","@id":"https:\/\/coral-dive-center.com\/wordpress\/produkt\/cressi-fast-man-wetsuit-5-mm\/#primaryimage","url":"https:\/\/i0.wp.com\/coral-dive-center.com\/wordpress\/wp-content\/uploads\/2020\/05\/1285_data_img_1277_fast_5mm_hombre_y_mujer_z.jpg?fit=2406%2C2560&ssl=1","contentUrl":"https:\/\/i0.wp.com\/coral-dive-center.com\/wordpress\/wp-content\/uploads\/2020\/05\/1285_data_img_1277_fast_5mm_hombre_y_mujer_z.jpg?fit=2406%2C2560&ssl=1","width":2406,"height":2560},{"@type":"BreadcrumbList","@id":"https:\/\/coral-dive-center.com\/wordpress\/produkt\/cressi-fast-man-wetsuit-5-mm\/#breadcrumb","itemListElement":[{"@type":"ListItem","position":1,"name":"Startseite","item":"https:\/\/coral-dive-center.com\/wordpress\/"},{"@type":"ListItem","position":2,"name":"Cressi FAST MONOPIECE WETSUIT 5 mm Man"}]},{"@type":"WebSite","@id":"https:\/\/coral-dive-center.com\/wordpress\/#website","url":"https:\/\/coral-dive-center.com\/wordpress\/","name":"coral-dive-center","description":"Padi-Tauchkurse mit Dive-Shop in M\u00fcnchen","publisher":{"@id":"https:\/\/coral-dive-center.com\/wordpress\/#organization"},"potentialAction":[{"@type":"SearchAction","target":{"@type":"EntryPoint","urlTemplate":"https:\/\/coral-dive-center.com\/wordpress\/?s={search_term_string}"},"query-input":{"@type":"PropertyValueSpecification","valueRequired":true,"valueName":"search_term_string"}}],"inLanguage":"de"},{"@type":"Organization","@id":"https:\/\/coral-dive-center.com\/wordpress\/#organization","name":"Coral-Dive-Center","url":"https:\/\/coral-dive-center.com\/wordpress\/","logo":{"@type":"ImageObject","inLanguage":"de","@id":"https:\/\/coral-dive-center.com\/wordpress\/#\/schema\/logo\/image\/","url":"https:\/\/i0.wp.com\/coral-dive-center.com\/wordpress\/wp-content\/uploads\/2020\/05\/cropped-coral-2.png?fit=87%2C87&ssl=1","contentUrl":"https:\/\/i0.wp.com\/coral-dive-center.com\/wordpress\/wp-content\/uploads\/2020\/05\/cropped-coral-2.png?fit=87%2C87&ssl=1","width":87,"height":87,"caption":"Coral-Dive-Center"},"image":{"@id":"https:\/\/coral-dive-center.com\/wordpress\/#\/schema\/logo\/image\/"}}]}},"jetpack_publicize_connections":[],"jetpack-related-posts":[],"jetpack_likes_enabled":true,"jetpack_sharing_enabled":true,"_links":{"self":[{"href":"https:\/\/coral-dive-center.com\/wordpress\/wp-json\/wp\/v2\/product\/688","targetHints":{"allow":["GET"]}}],"collection":[{"href":"https:\/\/coral-dive-center.com\/wordpress\/wp-json\/wp\/v2\/product"}],"about":[{"href":"https:\/\/coral-dive-center.com\/wordpress\/wp-json\/wp\/v2\/types\/product"}],"replies":[{"embeddable":true,"href":"https:\/\/coral-dive-center.com\/wordpress\/wp-json\/wp\/v2\/comments?post=688"}],"wp:featuredmedia":[{"embeddable":true,"href":"https:\/\/coral-dive-center.com\/wordpress\/wp-json\/wp\/v2\/media\/808"}],"wp:attachment":[{"href":"https:\/\/coral-dive-center.com\/wordpress\/wp-json\/wp\/v2\/media?parent=688"}],"wp:term":[{"taxonomy":"product_brand","embeddable":true,"href":"https:\/\/coral-dive-center.com\/wordpress\/wp-json\/wp\/v2\/product_brand?post=688"},{"taxonomy":"product_cat","embeddable":true,"href":"https:\/\/coral-dive-center.com\/wordpress\/wp-json\/wp\/v2\/product_cat?post=688"},{"taxonomy":"product_tag","embeddable":true,"href":"https:\/\/coral-dive-center.com\/wordpress\/wp-json\/wp\/v2\/product_tag?post=688"}],"curies":[{"name":"wp","href":"https:\/\/api.w.org\/{rel}","templated":true}]}}