{"id":653,"date":"2020-05-17T11:53:58","date_gmt":"2020-05-17T11:53:58","guid":{"rendered":"https:\/\/coral-dive-center.com\/wordpress\/?post_type=product&#038;p=653"},"modified":"2022-12-07T22:40:00","modified_gmt":"2022-12-07T20:40:00","slug":"cressi-fast-man-wetsuit-7-mm","status":"publish","type":"product","link":"https:\/\/coral-dive-center.com\/wordpress\/produkt\/cressi-fast-man-wetsuit-7-mm\/","title":{"rendered":"Cressi FAST MONOPIECE WETSUIT 7 mm  Man"},"content":{"rendered":"<p>Cressi entwickelt und fertigt seit \u00fcber 40 Jahren Neoprenanz\u00fcge selbst, dieser Erfahrungsschatz flie\u00dft in alle Anzugmodelle ein.<br \/>\nAuch die Fast-Anzugserie bietet die legend\u00e4re Cressi-Pa\u00dfform, kombiniert mit flexiblem Premium-Neopren und Kaschierungen aus flexiblem Nylon.<br \/>\nElegant, warm und vielseitig einsetzbar: FAST, gefertigt aus doppelt kaschiertem Neopren, das \u00e4u\u00dferst resistent gegen Komprimierung ist.<br \/>\nModulares Design: separate 5 mm \u00dcberwesten mit Kopfhaube erh\u00e4ltlich.<br \/>\nNeuartige Ringdichtungen, f\u00fcr gute Abdichtung an Armen und Beinen.<br \/>\nVorgeformte Beine, f\u00fcr bessere Beweglichkeit.<\/p>\n<p>Komfortabel und flexibel, besonders auch durch die neuartigen Manschetten mit doppelter Kaschierung und innerem &#8220;Dichtungsring&#8221;.<br \/>\nYKK\u00ae R\u00fccken-Rei\u00dfverschluss mit Aquastop\u00ae-Abdichtung: Unterlage aus Neopren beidseitig.<br \/>\nKragen\/Halsabdichtung optimiert, um den Wassereintritt zu verringern: L\u00e4ngere, breitere Klettklappe die deutlich besser schlie\u00dft, bei Bewegungen des Kopfes.<br \/>\nHalsbereich um ca. 120\u00ba vorgeformt, f\u00fcr maximalen Komfort.<br \/>\nKnie und Schulterbereich mit Tatex\u00ae verst\u00e4rkt: \u00e4u\u00dferst widerstandsf\u00e4hig gegen Abrieb und Besch\u00e4digungen, dennoch flexibel.<br \/>\nGefertigt aus bestem Premium-Neopren, wie alle Cressi-Anz\u00fcge.<\/p>\n<p>Auch erh\u00e4ltlich in 3 mm und 5 mm Versionen.<\/p>\n<p>Gr\u00f6\u00dfen:<\/p>\n<p>S\/2 bis XXXL\/7<\/p>\n","protected":false},"excerpt":{"rendered":"<p>Fast-Anzugserie bietet die legend\u00e4re Cressi-Pa\u00dfform, kombiniert mit flexiblem Premium-Neopren und Kaschierungen aus flexiblem Nylon.<\/p>\n<p>Elegant, warm und vielseitig einsetzbar: FAST, gefertigt aus doppelt kaschiertem Neopren, das \u00e4u\u00dferst resistent gegen Komprimierung ist.<\/p>\n","protected":false},"featured_media":815,"comment_status":"open","ping_status":"closed","template":"","meta":{"jetpack_post_was_ever_published":false,"jetpack_publicize_message":"","jetpack_publicize_feature_enabled":true,"jetpack_social_post_already_shared":false,"jetpack_social_options":{"image_generator_settings":{"template":"highway","default_image_id":0,"font":"","enabled":false},"version":2}},"product_brand":[],"product_cat":[28],"product_tag":[43,41,42,40],"class_list":{"0":"post-653","1":"product","2":"type-product","3":"status-publish","4":"has-post-thumbnail","6":"product_cat-diving-suit","7":"product_tag-cressi","8":"product_tag-diving-suit","9":"product_tag-neopren","10":"product_tag-wet-suit","11":"post-holder","13":"first","14":"instock","15":"sale","16":"taxable","17":"shipping-taxable","18":"purchasable","19":"product-type-simple"},"yoast_head":"<!-- This site is optimized with the Yoast SEO plugin v27.4 - https:\/\/yoast.com\/product\/yoast-seo-wordpress\/ -->\n<title>Cressi FAST MONOPIECE WETSUIT 7 mm Man - coral-dive-center<\/title>\n<meta name=\"robots\" content=\"index, follow, max-snippet:-1, max-image-preview:large, max-video-preview:-1\" \/>\n<link rel=\"canonical\" href=\"https:\/\/coral-dive-center.com\/wordpress\/produkt\/cressi-fast-man-wetsuit-7-mm\/\" \/>\n<meta property=\"og:locale\" content=\"de_DE\" \/>\n<meta property=\"og:type\" content=\"article\" \/>\n<meta property=\"og:title\" content=\"Cressi FAST MONOPIECE WETSUIT 7 mm Man - coral-dive-center\" \/>\n<meta property=\"og:description\" content=\"Fast-Anzugserie bietet die legend\u00e4re Cressi-Pa\u00dfform, kombiniert mit flexiblem Premium-Neopren und Kaschierungen aus flexiblem Nylon.  Elegant, warm und vielseitig einsetzbar: FAST, gefertigt aus doppelt kaschiertem Neopren, das \u00e4u\u00dferst resistent gegen Komprimierung ist.\" \/>\n<meta property=\"og:url\" content=\"https:\/\/coral-dive-center.com\/wordpress\/produkt\/cressi-fast-man-wetsuit-7-mm\/\" \/>\n<meta property=\"og:site_name\" content=\"coral-dive-center\" \/>\n<meta property=\"article:modified_time\" content=\"2022-12-07T20:40:00+00:00\" \/>\n<meta property=\"og:image\" content=\"https:\/\/i0.wp.com\/coral-dive-center.com\/wordpress\/wp-content\/uploads\/2020\/05\/1280_data_img_1230_fast_7mm_uimo_y__6814_z.jpg?fit=1100%2C1224&ssl=1\" \/>\n\t<meta property=\"og:image:width\" content=\"1100\" \/>\n\t<meta property=\"og:image:height\" content=\"1224\" \/>\n\t<meta property=\"og:image:type\" content=\"image\/jpeg\" \/>\n<meta name=\"twitter:card\" content=\"summary_large_image\" \/>\n<meta name=\"twitter:label1\" content=\"Gesch\u00e4tzte Lesezeit\" \/>\n\t<meta name=\"twitter:data1\" content=\"1\u00a0Minute\" \/>\n<script type=\"application\/ld+json\" class=\"yoast-schema-graph\">{\"@context\":\"https:\\\/\\\/schema.org\",\"@graph\":[{\"@type\":\"WebPage\",\"@id\":\"https:\\\/\\\/coral-dive-center.com\\\/wordpress\\\/produkt\\\/cressi-fast-man-wetsuit-7-mm\\\/\",\"url\":\"https:\\\/\\\/coral-dive-center.com\\\/wordpress\\\/produkt\\\/cressi-fast-man-wetsuit-7-mm\\\/\",\"name\":\"Cressi FAST MONOPIECE WETSUIT 7 mm Man - coral-dive-center\",\"isPartOf\":{\"@id\":\"https:\\\/\\\/coral-dive-center.com\\\/wordpress\\\/#website\"},\"primaryImageOfPage\":{\"@id\":\"https:\\\/\\\/coral-dive-center.com\\\/wordpress\\\/produkt\\\/cressi-fast-man-wetsuit-7-mm\\\/#primaryimage\"},\"image\":{\"@id\":\"https:\\\/\\\/coral-dive-center.com\\\/wordpress\\\/produkt\\\/cressi-fast-man-wetsuit-7-mm\\\/#primaryimage\"},\"thumbnailUrl\":\"https:\\\/\\\/i0.wp.com\\\/coral-dive-center.com\\\/wordpress\\\/wp-content\\\/uploads\\\/2020\\\/05\\\/1280_data_img_1230_fast_7mm_uimo_y__6814_z.jpg?fit=1100%2C1224&ssl=1\",\"datePublished\":\"2020-05-17T11:53:58+00:00\",\"dateModified\":\"2022-12-07T20:40:00+00:00\",\"breadcrumb\":{\"@id\":\"https:\\\/\\\/coral-dive-center.com\\\/wordpress\\\/produkt\\\/cressi-fast-man-wetsuit-7-mm\\\/#breadcrumb\"},\"inLanguage\":\"de\",\"potentialAction\":[{\"@type\":\"ReadAction\",\"target\":[\"https:\\\/\\\/coral-dive-center.com\\\/wordpress\\\/produkt\\\/cressi-fast-man-wetsuit-7-mm\\\/\"]}]},{\"@type\":\"ImageObject\",\"inLanguage\":\"de\",\"@id\":\"https:\\\/\\\/coral-dive-center.com\\\/wordpress\\\/produkt\\\/cressi-fast-man-wetsuit-7-mm\\\/#primaryimage\",\"url\":\"https:\\\/\\\/i0.wp.com\\\/coral-dive-center.com\\\/wordpress\\\/wp-content\\\/uploads\\\/2020\\\/05\\\/1280_data_img_1230_fast_7mm_uimo_y__6814_z.jpg?fit=1100%2C1224&ssl=1\",\"contentUrl\":\"https:\\\/\\\/i0.wp.com\\\/coral-dive-center.com\\\/wordpress\\\/wp-content\\\/uploads\\\/2020\\\/05\\\/1280_data_img_1230_fast_7mm_uimo_y__6814_z.jpg?fit=1100%2C1224&ssl=1\",\"width\":1100,\"height\":1224},{\"@type\":\"BreadcrumbList\",\"@id\":\"https:\\\/\\\/coral-dive-center.com\\\/wordpress\\\/produkt\\\/cressi-fast-man-wetsuit-7-mm\\\/#breadcrumb\",\"itemListElement\":[{\"@type\":\"ListItem\",\"position\":1,\"name\":\"Startseite\",\"item\":\"https:\\\/\\\/coral-dive-center.com\\\/wordpress\\\/\"},{\"@type\":\"ListItem\",\"position\":2,\"name\":\"Cressi FAST MONOPIECE WETSUIT 7 mm Man\"}]},{\"@type\":\"WebSite\",\"@id\":\"https:\\\/\\\/coral-dive-center.com\\\/wordpress\\\/#website\",\"url\":\"https:\\\/\\\/coral-dive-center.com\\\/wordpress\\\/\",\"name\":\"coral-dive-center\",\"description\":\"Padi-Tauchkurse mit Dive-Shop in M\u00fcnchen\",\"publisher\":{\"@id\":\"https:\\\/\\\/coral-dive-center.com\\\/wordpress\\\/#organization\"},\"potentialAction\":[{\"@type\":\"SearchAction\",\"target\":{\"@type\":\"EntryPoint\",\"urlTemplate\":\"https:\\\/\\\/coral-dive-center.com\\\/wordpress\\\/?s={search_term_string}\"},\"query-input\":{\"@type\":\"PropertyValueSpecification\",\"valueRequired\":true,\"valueName\":\"search_term_string\"}}],\"inLanguage\":\"de\"},{\"@type\":\"Organization\",\"@id\":\"https:\\\/\\\/coral-dive-center.com\\\/wordpress\\\/#organization\",\"name\":\"Coral-Dive-Center\",\"url\":\"https:\\\/\\\/coral-dive-center.com\\\/wordpress\\\/\",\"logo\":{\"@type\":\"ImageObject\",\"inLanguage\":\"de\",\"@id\":\"https:\\\/\\\/coral-dive-center.com\\\/wordpress\\\/#\\\/schema\\\/logo\\\/image\\\/\",\"url\":\"https:\\\/\\\/i0.wp.com\\\/coral-dive-center.com\\\/wordpress\\\/wp-content\\\/uploads\\\/2020\\\/05\\\/cropped-coral-2.png?fit=87%2C87&ssl=1\",\"contentUrl\":\"https:\\\/\\\/i0.wp.com\\\/coral-dive-center.com\\\/wordpress\\\/wp-content\\\/uploads\\\/2020\\\/05\\\/cropped-coral-2.png?fit=87%2C87&ssl=1\",\"width\":87,\"height\":87,\"caption\":\"Coral-Dive-Center\"},\"image\":{\"@id\":\"https:\\\/\\\/coral-dive-center.com\\\/wordpress\\\/#\\\/schema\\\/logo\\\/image\\\/\"}}]}<\/script>\n<!-- \/ Yoast SEO plugin. -->","yoast_head_json":{"title":"Cressi FAST MONOPIECE WETSUIT 7 mm Man - coral-dive-center","robots":{"index":"index","follow":"follow","max-snippet":"max-snippet:-1","max-image-preview":"max-image-preview:large","max-video-preview":"max-video-preview:-1"},"canonical":"https:\/\/coral-dive-center.com\/wordpress\/produkt\/cressi-fast-man-wetsuit-7-mm\/","og_locale":"de_DE","og_type":"article","og_title":"Cressi FAST MONOPIECE WETSUIT 7 mm Man - coral-dive-center","og_description":"Fast-Anzugserie bietet die legend\u00e4re Cressi-Pa\u00dfform, kombiniert mit flexiblem Premium-Neopren und Kaschierungen aus flexiblem Nylon.  Elegant, warm und vielseitig einsetzbar: FAST, gefertigt aus doppelt kaschiertem Neopren, das \u00e4u\u00dferst resistent gegen Komprimierung ist.","og_url":"https:\/\/coral-dive-center.com\/wordpress\/produkt\/cressi-fast-man-wetsuit-7-mm\/","og_site_name":"coral-dive-center","article_modified_time":"2022-12-07T20:40:00+00:00","og_image":[{"width":1100,"height":1224,"url":"https:\/\/i0.wp.com\/coral-dive-center.com\/wordpress\/wp-content\/uploads\/2020\/05\/1280_data_img_1230_fast_7mm_uimo_y__6814_z.jpg?fit=1100%2C1224&ssl=1","type":"image\/jpeg"}],"twitter_card":"summary_large_image","twitter_misc":{"Gesch\u00e4tzte Lesezeit":"1\u00a0Minute"},"schema":{"@context":"https:\/\/schema.org","@graph":[{"@type":"WebPage","@id":"https:\/\/coral-dive-center.com\/wordpress\/produkt\/cressi-fast-man-wetsuit-7-mm\/","url":"https:\/\/coral-dive-center.com\/wordpress\/produkt\/cressi-fast-man-wetsuit-7-mm\/","name":"Cressi FAST MONOPIECE WETSUIT 7 mm Man - coral-dive-center","isPartOf":{"@id":"https:\/\/coral-dive-center.com\/wordpress\/#website"},"primaryImageOfPage":{"@id":"https:\/\/coral-dive-center.com\/wordpress\/produkt\/cressi-fast-man-wetsuit-7-mm\/#primaryimage"},"image":{"@id":"https:\/\/coral-dive-center.com\/wordpress\/produkt\/cressi-fast-man-wetsuit-7-mm\/#primaryimage"},"thumbnailUrl":"https:\/\/i0.wp.com\/coral-dive-center.com\/wordpress\/wp-content\/uploads\/2020\/05\/1280_data_img_1230_fast_7mm_uimo_y__6814_z.jpg?fit=1100%2C1224&ssl=1","datePublished":"2020-05-17T11:53:58+00:00","dateModified":"2022-12-07T20:40:00+00:00","breadcrumb":{"@id":"https:\/\/coral-dive-center.com\/wordpress\/produkt\/cressi-fast-man-wetsuit-7-mm\/#breadcrumb"},"inLanguage":"de","potentialAction":[{"@type":"ReadAction","target":["https:\/\/coral-dive-center.com\/wordpress\/produkt\/cressi-fast-man-wetsuit-7-mm\/"]}]},{"@type":"ImageObject","inLanguage":"de","@id":"https:\/\/coral-dive-center.com\/wordpress\/produkt\/cressi-fast-man-wetsuit-7-mm\/#primaryimage","url":"https:\/\/i0.wp.com\/coral-dive-center.com\/wordpress\/wp-content\/uploads\/2020\/05\/1280_data_img_1230_fast_7mm_uimo_y__6814_z.jpg?fit=1100%2C1224&ssl=1","contentUrl":"https:\/\/i0.wp.com\/coral-dive-center.com\/wordpress\/wp-content\/uploads\/2020\/05\/1280_data_img_1230_fast_7mm_uimo_y__6814_z.jpg?fit=1100%2C1224&ssl=1","width":1100,"height":1224},{"@type":"BreadcrumbList","@id":"https:\/\/coral-dive-center.com\/wordpress\/produkt\/cressi-fast-man-wetsuit-7-mm\/#breadcrumb","itemListElement":[{"@type":"ListItem","position":1,"name":"Startseite","item":"https:\/\/coral-dive-center.com\/wordpress\/"},{"@type":"ListItem","position":2,"name":"Cressi FAST MONOPIECE WETSUIT 7 mm Man"}]},{"@type":"WebSite","@id":"https:\/\/coral-dive-center.com\/wordpress\/#website","url":"https:\/\/coral-dive-center.com\/wordpress\/","name":"coral-dive-center","description":"Padi-Tauchkurse mit Dive-Shop in M\u00fcnchen","publisher":{"@id":"https:\/\/coral-dive-center.com\/wordpress\/#organization"},"potentialAction":[{"@type":"SearchAction","target":{"@type":"EntryPoint","urlTemplate":"https:\/\/coral-dive-center.com\/wordpress\/?s={search_term_string}"},"query-input":{"@type":"PropertyValueSpecification","valueRequired":true,"valueName":"search_term_string"}}],"inLanguage":"de"},{"@type":"Organization","@id":"https:\/\/coral-dive-center.com\/wordpress\/#organization","name":"Coral-Dive-Center","url":"https:\/\/coral-dive-center.com\/wordpress\/","logo":{"@type":"ImageObject","inLanguage":"de","@id":"https:\/\/coral-dive-center.com\/wordpress\/#\/schema\/logo\/image\/","url":"https:\/\/i0.wp.com\/coral-dive-center.com\/wordpress\/wp-content\/uploads\/2020\/05\/cropped-coral-2.png?fit=87%2C87&ssl=1","contentUrl":"https:\/\/i0.wp.com\/coral-dive-center.com\/wordpress\/wp-content\/uploads\/2020\/05\/cropped-coral-2.png?fit=87%2C87&ssl=1","width":87,"height":87,"caption":"Coral-Dive-Center"},"image":{"@id":"https:\/\/coral-dive-center.com\/wordpress\/#\/schema\/logo\/image\/"}}]}},"jetpack_publicize_connections":[],"jetpack-related-posts":[],"jetpack_likes_enabled":true,"jetpack_sharing_enabled":true,"_links":{"self":[{"href":"https:\/\/coral-dive-center.com\/wordpress\/wp-json\/wp\/v2\/product\/653","targetHints":{"allow":["GET"]}}],"collection":[{"href":"https:\/\/coral-dive-center.com\/wordpress\/wp-json\/wp\/v2\/product"}],"about":[{"href":"https:\/\/coral-dive-center.com\/wordpress\/wp-json\/wp\/v2\/types\/product"}],"replies":[{"embeddable":true,"href":"https:\/\/coral-dive-center.com\/wordpress\/wp-json\/wp\/v2\/comments?post=653"}],"wp:featuredmedia":[{"embeddable":true,"href":"https:\/\/coral-dive-center.com\/wordpress\/wp-json\/wp\/v2\/media\/815"}],"wp:attachment":[{"href":"https:\/\/coral-dive-center.com\/wordpress\/wp-json\/wp\/v2\/media?parent=653"}],"wp:term":[{"taxonomy":"product_brand","embeddable":true,"href":"https:\/\/coral-dive-center.com\/wordpress\/wp-json\/wp\/v2\/product_brand?post=653"},{"taxonomy":"product_cat","embeddable":true,"href":"https:\/\/coral-dive-center.com\/wordpress\/wp-json\/wp\/v2\/product_cat?post=653"},{"taxonomy":"product_tag","embeddable":true,"href":"https:\/\/coral-dive-center.com\/wordpress\/wp-json\/wp\/v2\/product_tag?post=653"}],"curies":[{"name":"wp","href":"https:\/\/api.w.org\/{rel}","templated":true}]}}